{"id":5063,"date":"2026-03-25T22:33:26","date_gmt":"2026-03-25T21:33:26","guid":{"rendered":"https:\/\/getthelookeyewear.com\/?post_type=product&#038;p=5063"},"modified":"2026-03-31T11:44:49","modified_gmt":"2026-03-31T09:44:49","slug":"5063","status":"publish","type":"product","link":"https:\/\/getthelookeyewear.com\/ar\/product\/5063\/","title":{"rendered":"\u0628\u064a\u0631\u0633\u0648\u0644"},"content":{"rendered":"<p>Code mod\u00e8le : PO3311\/S 95\/31<br \/>\nGenre : Homme, Femme<br \/>\nCouleur des verres : Vert<br \/>\nCouleur de la monture : Noir<br \/>\nMat\u00e9riau des verres : Verre<br \/>\nMat\u00e9riau des branches : Ac\u00e9tate<br \/>\nAdapt\u00e9es \u00e0 la vue (verres correcteurs possibles) : Oui<br \/>\nForme : Pilote<br \/>\nPolaris\u00e9es : Non<br \/>\nLargeur des verres : 55 mm<br \/>\nLargeur du pont : 15 mm<br \/>\nLongueur des branches : 145 mm<\/p>","protected":false},"excerpt":{"rendered":"<p>Code mod\u00e8le : PO3311\/S 95\/31 Genre : Homme, Femme Couleur des verres : Vert Couleur de la monture : Noir Mat\u00e9riau des verres : Verre Mat\u00e9riau des branches : Ac\u00e9tate Adapt\u00e9es \u00e0 la vue (verres correcteurs possibles) : Oui Forme : Pilote Polaris\u00e9es : Non Largeur des verres : 55 mm Largeur du pont : [&hellip;]<\/p>\n","protected":false},"featured_media":5057,"comment_status":"closed","ping_status":"closed","template":"","meta":{"site-sidebar-layout":"default","site-content-layout":"","ast-site-content-layout":"default","site-content-style":"default","site-sidebar-style":"default","ast-global-header-display":"","ast-banner-title-visibility":"","ast-main-header-display":"","ast-hfb-above-header-display":"","ast-hfb-below-header-display":"","ast-hfb-mobile-header-display":"","site-post-title":"","ast-breadcrumbs-content":"","ast-featured-img":"","footer-sml-layout":"","ast-disable-related-posts":"","theme-transparent-header-meta":"default","adv-header-id-meta":"","stick-header-meta":"","header-above-stick-meta":"","header-main-stick-meta":"","header-below-stick-meta":"","astra-migrate-meta-layouts":"set","ast-page-background-enabled":"default","ast-page-background-meta":{"desktop":{"background-color":"","background-image":"","background-repeat":"repeat","background-position":"center center","background-size":"auto","background-attachment":"scroll","background-type":"","background-media":"","overlay-type":"","overlay-color":"","overlay-opacity":"","overlay-gradient":""},"tablet":{"background-color":"","background-image":"","background-repeat":"repeat","background-position":"center center","background-size":"auto","background-attachment":"scroll","background-type":"","background-media":"","overlay-type":"","overlay-color":"","overlay-opacity":"","overlay-gradient":""},"mobile":{"background-color":"","background-image":"","background-repeat":"repeat","background-position":"center center","background-size":"auto","background-attachment":"scroll","background-type":"","background-media":"","overlay-type":"","overlay-color":"","overlay-opacity":"","overlay-gradient":""}},"ast-content-background-meta":{"desktop":{"background-color":"var(--ast-global-color-5)","background-image":"","background-repeat":"repeat","background-position":"center center","background-size":"auto","background-attachment":"scroll","background-type":"","background-media":"","overlay-type":"","overlay-color":"","overlay-opacity":"","overlay-gradient":""},"tablet":{"background-color":"var(--ast-global-color-5)","background-image":"","background-repeat":"repeat","background-position":"center center","background-size":"auto","background-attachment":"scroll","background-type":"","background-media":"","overlay-type":"","overlay-color":"","overlay-opacity":"","overlay-gradient":""},"mobile":{"background-color":"var(--ast-global-color-5)","background-image":"","background-repeat":"repeat","background-position":"center center","background-size":"auto","background-attachment":"scroll","background-type":"","background-media":"","overlay-type":"","overlay-color":"","overlay-opacity":"","overlay-gradient":""}}},"product_brand":[],"product_cat":[78,74,67],"product_tag":[92],"class_list":{"0":"post-5063","1":"product","2":"type-product","3":"status-publish","4":"has-post-thumbnail","6":"product_cat-lunettes-solaires","7":"product_cat-hommes","8":"product_cat-persol","9":"product_tag-lunette-de-soliel","10":"desktop-align-left","11":"tablet-align-left","12":"mobile-align-left","14":"first","15":"instock","16":"featured","17":"shipping-taxable","18":"purchasable","19":"product-type-simple"},"_links":{"self":[{"href":"https:\/\/getthelookeyewear.com\/ar\/wp-json\/wp\/v2\/product\/5063","targetHints":{"allow":["GET"]}}],"collection":[{"href":"https:\/\/getthelookeyewear.com\/ar\/wp-json\/wp\/v2\/product"}],"about":[{"href":"https:\/\/getthelookeyewear.com\/ar\/wp-json\/wp\/v2\/types\/product"}],"replies":[{"embeddable":true,"href":"https:\/\/getthelookeyewear.com\/ar\/wp-json\/wp\/v2\/comments?post=5063"}],"version-history":[{"count":2,"href":"https:\/\/getthelookeyewear.com\/ar\/wp-json\/wp\/v2\/product\/5063\/revisions"}],"predecessor-version":[{"id":5065,"href":"https:\/\/getthelookeyewear.com\/ar\/wp-json\/wp\/v2\/product\/5063\/revisions\/5065"}],"wp:featuredmedia":[{"embeddable":true,"href":"https:\/\/getthelookeyewear.com\/ar\/wp-json\/wp\/v2\/media\/5057"}],"wp:attachment":[{"href":"https:\/\/getthelookeyewear.com\/ar\/wp-json\/wp\/v2\/media?parent=5063"}],"wp:term":[{"taxonomy":"product_brand","embeddable":true,"href":"https:\/\/getthelookeyewear.com\/ar\/wp-json\/wp\/v2\/product_brand?post=5063"},{"taxonomy":"product_cat","embeddable":true,"href":"https:\/\/getthelookeyewear.com\/ar\/wp-json\/wp\/v2\/product_cat?post=5063"},{"taxonomy":"product_tag","embeddable":true,"href":"https:\/\/getthelookeyewear.com\/ar\/wp-json\/wp\/v2\/product_tag?post=5063"}],"curies":[{"name":"wp","href":"https:\/\/api.w.org\/{rel}","templated":true}]}}