{"id":5067,"date":"2026-03-25T22:46:38","date_gmt":"2026-03-25T21:46:38","guid":{"rendered":"https:\/\/getthelookeyewear.com\/?post_type=product&#038;p=5067"},"modified":"2026-03-31T12:17:22","modified_gmt":"2026-03-31T10:17:22","slug":"5067","status":"publish","type":"product","link":"https:\/\/getthelookeyewear.com\/ar\/product\/5067\/","title":{"rendered":"Ralph"},"content":{"rendered":"<p>Code mod\u00e8le : RA7141 5989<br \/>\nGenre : Femme<br \/>\nCouleur des verres : Transparent<br \/>\nCouleur de la monture : Havane Rouge Ray\u00e9<br \/>\nMat\u00e9riau des verres : Plastique<br \/>\nMat\u00e9riau des branches : Ac\u00e9tate<br \/>\nAdapt\u00e9es \u00e0 la vue (verres correcteurs possibles) : Oui<br \/>\nForme : Oeil de chat<br \/>\nPolaris\u00e9es : Non<br \/>\nLargeur des verres : 54 mm<br \/>\nLargeur du pont : 17 mm<br \/>\nLongueur des branches : 145 mm<\/p>","protected":false},"excerpt":{"rendered":"<p>Code mod\u00e8le : RA7141 5989 Genre : Femme Couleur des verres : Transparent Couleur de la monture : Havane Rouge Ray\u00e9 Mat\u00e9riau des verres : Plastique Mat\u00e9riau des branches : Ac\u00e9tate Adapt\u00e9es \u00e0 la vue (verres correcteurs possibles) : Oui Forme : Oeil de chat Polaris\u00e9es : Non Largeur des verres : 54 mm Largeur [&hellip;]<\/p>\n","protected":false},"featured_media":5068,"comment_status":"closed","ping_status":"closed","template":"","meta":{"site-sidebar-layout":"default","site-content-layout":"","ast-site-content-layout":"default","site-content-style":"default","site-sidebar-style":"default","ast-global-header-display":"","ast-banner-title-visibility":"","ast-main-header-display":"","ast-hfb-above-header-display":"","ast-hfb-below-header-display":"","ast-hfb-mobile-header-display":"","site-post-title":"","ast-breadcrumbs-content":"","ast-featured-img":"","footer-sml-layout":"","ast-disable-related-posts":"","theme-transparent-header-meta":"default","adv-header-id-meta":"","stick-header-meta":"","header-above-stick-meta":"","header-main-stick-meta":"","header-below-stick-meta":"","astra-migrate-meta-layouts":"set","ast-page-background-enabled":"default","ast-page-background-meta":{"desktop":{"background-color":"","background-image":"","background-repeat":"repeat","background-position":"center center","background-size":"auto","background-attachment":"scroll","background-type":"","background-media":"","overlay-type":"","overlay-color":"","overlay-opacity":"","overlay-gradient":""},"tablet":{"background-color":"","background-image":"","background-repeat":"repeat","background-position":"center center","background-size":"auto","background-attachment":"scroll","background-type":"","background-media":"","overlay-type":"","overlay-color":"","overlay-opacity":"","overlay-gradient":""},"mobile":{"background-color":"","background-image":"","background-repeat":"repeat","background-position":"center center","background-size":"auto","background-attachment":"scroll","background-type":"","background-media":"","overlay-type":"","overlay-color":"","overlay-opacity":"","overlay-gradient":""}},"ast-content-background-meta":{"desktop":{"background-color":"var(--ast-global-color-5)","background-image":"","background-repeat":"repeat","background-position":"center center","background-size":"auto","background-attachment":"scroll","background-type":"","background-media":"","overlay-type":"","overlay-color":"","overlay-opacity":"","overlay-gradient":""},"tablet":{"background-color":"var(--ast-global-color-5)","background-image":"","background-repeat":"repeat","background-position":"center center","background-size":"auto","background-attachment":"scroll","background-type":"","background-media":"","overlay-type":"","overlay-color":"","overlay-opacity":"","overlay-gradient":""},"mobile":{"background-color":"var(--ast-global-color-5)","background-image":"","background-repeat":"repeat","background-position":"center center","background-size":"auto","background-attachment":"scroll","background-type":"","background-media":"","overlay-type":"","overlay-color":"","overlay-opacity":"","overlay-gradient":""}}},"product_brand":[],"product_cat":[81,83,75],"product_tag":[93],"class_list":{"0":"post-5067","1":"product","2":"type-product","3":"status-publish","4":"has-post-thumbnail","6":"product_cat-lunettes-optiques-femmes","7":"product_cat-ralph","8":"product_cat-femmes","9":"product_tag-lunette-de-vue","10":"desktop-align-left","11":"tablet-align-left","12":"mobile-align-left","14":"first","15":"instock","16":"shipping-taxable","17":"purchasable","18":"product-type-simple"},"_links":{"self":[{"href":"https:\/\/getthelookeyewear.com\/ar\/wp-json\/wp\/v2\/product\/5067","targetHints":{"allow":["GET"]}}],"collection":[{"href":"https:\/\/getthelookeyewear.com\/ar\/wp-json\/wp\/v2\/product"}],"about":[{"href":"https:\/\/getthelookeyewear.com\/ar\/wp-json\/wp\/v2\/types\/product"}],"replies":[{"embeddable":true,"href":"https:\/\/getthelookeyewear.com\/ar\/wp-json\/wp\/v2\/comments?post=5067"}],"version-history":[{"count":2,"href":"https:\/\/getthelookeyewear.com\/ar\/wp-json\/wp\/v2\/product\/5067\/revisions"}],"predecessor-version":[{"id":5075,"href":"https:\/\/getthelookeyewear.com\/ar\/wp-json\/wp\/v2\/product\/5067\/revisions\/5075"}],"wp:featuredmedia":[{"embeddable":true,"href":"https:\/\/getthelookeyewear.com\/ar\/wp-json\/wp\/v2\/media\/5068"}],"wp:attachment":[{"href":"https:\/\/getthelookeyewear.com\/ar\/wp-json\/wp\/v2\/media?parent=5067"}],"wp:term":[{"taxonomy":"product_brand","embeddable":true,"href":"https:\/\/getthelookeyewear.com\/ar\/wp-json\/wp\/v2\/product_brand?post=5067"},{"taxonomy":"product_cat","embeddable":true,"href":"https:\/\/getthelookeyewear.com\/ar\/wp-json\/wp\/v2\/product_cat?post=5067"},{"taxonomy":"product_tag","embeddable":true,"href":"https:\/\/getthelookeyewear.com\/ar\/wp-json\/wp\/v2\/product_tag?post=5067"}],"curies":[{"name":"wp","href":"https:\/\/api.w.org\/{rel}","templated":true}]}}