{"id":5089,"date":"2026-03-25T23:46:26","date_gmt":"2026-03-25T22:46:26","guid":{"rendered":"https:\/\/getthelookeyewear.com\/?post_type=product&#038;p=5089"},"modified":"2026-03-31T12:17:22","modified_gmt":"2026-03-31T10:17:22","slug":"versace-2","status":"publish","type":"product","link":"https:\/\/getthelookeyewear.com\/ar\/product\/versace-2\/","title":{"rendered":"\u0641\u064a\u0631\u0633\u0627\u062a\u0634\u064a"},"content":{"rendered":"<p>Code mod\u00e8le : MOD.3341U-GB1<br \/>\nGenre : Femme<br \/>\nCouleur des verres : Transparent<br \/>\nCouleur de la monture : Noir<br \/>\nMat\u00e9riau des verres : Plastique<br \/>\nMat\u00e9riau des branches : Ac\u00e9tate<br \/>\nAdapt\u00e9es \u00e0 la vue (verres correcteurs possibles) : Oui<br \/>\nForme : Irr\u00e9gulier<br \/>\nPolaris\u00e9es : Non<br \/>\nLargeur des verres : 52 mm<br \/>\nLargeur du pont : 18 mm<br \/>\nLongueur des branches : 145 mm<\/p>","protected":false},"excerpt":{"rendered":"<p>Code mod\u00e8le : MOD.3341U-GB1 Genre : Femme Couleur des verres : Transparent Couleur de la monture : Noir Mat\u00e9riau des verres : Plastique Mat\u00e9riau des branches : Ac\u00e9tate Adapt\u00e9es \u00e0 la vue (verres correcteurs possibles) : Oui Forme : Irr\u00e9gulier Polaris\u00e9es : Non Largeur des verres : 52 mm Largeur du pont : 18 mm [&hellip;]<\/p>\n","protected":false},"featured_media":5091,"comment_status":"closed","ping_status":"closed","template":"","meta":{"site-sidebar-layout":"default","site-content-layout":"","ast-site-content-layout":"default","site-content-style":"default","site-sidebar-style":"default","ast-global-header-display":"","ast-banner-title-visibility":"","ast-main-header-display":"","ast-hfb-above-header-display":"","ast-hfb-below-header-display":"","ast-hfb-mobile-header-display":"","site-post-title":"","ast-breadcrumbs-content":"","ast-featured-img":"","footer-sml-layout":"","ast-disable-related-posts":"","theme-transparent-header-meta":"default","adv-header-id-meta":"","stick-header-meta":"","header-above-stick-meta":"","header-main-stick-meta":"","header-below-stick-meta":"","astra-migrate-meta-layouts":"set","ast-page-background-enabled":"default","ast-page-background-meta":{"desktop":{"background-color":"","background-image":"","background-repeat":"repeat","background-position":"center center","background-size":"auto","background-attachment":"scroll","background-type":"","background-media":"","overlay-type":"","overlay-color":"","overlay-opacity":"","overlay-gradient":""},"tablet":{"background-color":"","background-image":"","background-repeat":"repeat","background-position":"center center","background-size":"auto","background-attachment":"scroll","background-type":"","background-media":"","overlay-type":"","overlay-color":"","overlay-opacity":"","overlay-gradient":""},"mobile":{"background-color":"","background-image":"","background-repeat":"repeat","background-position":"center center","background-size":"auto","background-attachment":"scroll","background-type":"","background-media":"","overlay-type":"","overlay-color":"","overlay-opacity":"","overlay-gradient":""}},"ast-content-background-meta":{"desktop":{"background-color":"var(--ast-global-color-5)","background-image":"","background-repeat":"repeat","background-position":"center center","background-size":"auto","background-attachment":"scroll","background-type":"","background-media":"","overlay-type":"","overlay-color":"","overlay-opacity":"","overlay-gradient":""},"tablet":{"background-color":"var(--ast-global-color-5)","background-image":"","background-repeat":"repeat","background-position":"center center","background-size":"auto","background-attachment":"scroll","background-type":"","background-media":"","overlay-type":"","overlay-color":"","overlay-opacity":"","overlay-gradient":""},"mobile":{"background-color":"var(--ast-global-color-5)","background-image":"","background-repeat":"repeat","background-position":"center center","background-size":"auto","background-attachment":"scroll","background-type":"","background-media":"","overlay-type":"","overlay-color":"","overlay-opacity":"","overlay-gradient":""}}},"product_brand":[],"product_cat":[81,75,71],"product_tag":[93],"class_list":{"0":"post-5089","1":"product","2":"type-product","3":"status-publish","4":"has-post-thumbnail","6":"product_cat-lunettes-optiques-femmes","7":"product_cat-femmes","8":"product_cat-versace","9":"product_tag-lunette-de-vue","10":"desktop-align-left","11":"tablet-align-left","12":"mobile-align-left","14":"first","15":"instock","16":"shipping-taxable","17":"purchasable","18":"product-type-simple"},"_links":{"self":[{"href":"https:\/\/getthelookeyewear.com\/ar\/wp-json\/wp\/v2\/product\/5089","targetHints":{"allow":["GET"]}}],"collection":[{"href":"https:\/\/getthelookeyewear.com\/ar\/wp-json\/wp\/v2\/product"}],"about":[{"href":"https:\/\/getthelookeyewear.com\/ar\/wp-json\/wp\/v2\/types\/product"}],"replies":[{"embeddable":true,"href":"https:\/\/getthelookeyewear.com\/ar\/wp-json\/wp\/v2\/comments?post=5089"}],"version-history":[{"count":1,"href":"https:\/\/getthelookeyewear.com\/ar\/wp-json\/wp\/v2\/product\/5089\/revisions"}],"predecessor-version":[{"id":5097,"href":"https:\/\/getthelookeyewear.com\/ar\/wp-json\/wp\/v2\/product\/5089\/revisions\/5097"}],"wp:featuredmedia":[{"embeddable":true,"href":"https:\/\/getthelookeyewear.com\/ar\/wp-json\/wp\/v2\/media\/5091"}],"wp:attachment":[{"href":"https:\/\/getthelookeyewear.com\/ar\/wp-json\/wp\/v2\/media?parent=5089"}],"wp:term":[{"taxonomy":"product_brand","embeddable":true,"href":"https:\/\/getthelookeyewear.com\/ar\/wp-json\/wp\/v2\/product_brand?post=5089"},{"taxonomy":"product_cat","embeddable":true,"href":"https:\/\/getthelookeyewear.com\/ar\/wp-json\/wp\/v2\/product_cat?post=5089"},{"taxonomy":"product_tag","embeddable":true,"href":"https:\/\/getthelookeyewear.com\/ar\/wp-json\/wp\/v2\/product_tag?post=5089"}],"curies":[{"name":"wp","href":"https:\/\/api.w.org\/{rel}","templated":true}]}}