{"id":5240,"date":"2026-03-29T15:51:10","date_gmt":"2026-03-29T13:51:10","guid":{"rendered":"https:\/\/getthelookeyewear.com\/?post_type=product&#038;p=5240"},"modified":"2026-03-31T11:44:49","modified_gmt":"2026-03-31T09:44:49","slug":"hally-son","status":"publish","type":"product","link":"https:\/\/getthelookeyewear.com\/ar\/product\/hally-son\/","title":{"rendered":"Hally Son"},"content":{"rendered":"<p>Code mod\u00e8le : HS829V02<br \/>\nCouleur des verres : Vert<br \/>\nCouleur de la monture : Havane<br \/>\nMat\u00e9riau des verres : Plastique<br \/>\nMat\u00e9riau des branches : Titanium<br \/>\nAdapt\u00e9es \u00e0 la vue (verres correcteurs possibles) : Oui<br \/>\nForme : Carr\u00e9<br \/>\nPolaris\u00e9es : Non<br \/>\nLargeur des verres : 51 mm<br \/>\nLargeur du pont : 20 mm<br \/>\nLongueur des branches : 145 mm<\/p>","protected":false},"excerpt":{"rendered":"<p>Code mod\u00e8le : HS829V02 Couleur des verres : Vert Couleur de la monture : Havane Mat\u00e9riau des verres : Plastique Mat\u00e9riau des branches : Titanium Adapt\u00e9es \u00e0 la vue (verres correcteurs possibles) : Oui Forme : Carr\u00e9 Polaris\u00e9es : Non Largeur des verres : 51 mm Largeur du pont : 20 mm Longueur des branches [&hellip;]<\/p>\n","protected":false},"featured_media":5241,"comment_status":"closed","ping_status":"closed","template":"","meta":{"site-sidebar-layout":"default","site-content-layout":"","ast-site-content-layout":"default","site-content-style":"default","site-sidebar-style":"default","ast-global-header-display":"","ast-banner-title-visibility":"","ast-main-header-display":"","ast-hfb-above-header-display":"","ast-hfb-below-header-display":"","ast-hfb-mobile-header-display":"","site-post-title":"","ast-breadcrumbs-content":"","ast-featured-img":"","footer-sml-layout":"","ast-disable-related-posts":"","theme-transparent-header-meta":"default","adv-header-id-meta":"","stick-header-meta":"","header-above-stick-meta":"","header-main-stick-meta":"","header-below-stick-meta":"","astra-migrate-meta-layouts":"set","ast-page-background-enabled":"default","ast-page-background-meta":{"desktop":{"background-color":"","background-image":"","background-repeat":"repeat","background-position":"center center","background-size":"auto","background-attachment":"scroll","background-type":"","background-media":"","overlay-type":"","overlay-color":"","overlay-opacity":"","overlay-gradient":""},"tablet":{"background-color":"","background-image":"","background-repeat":"repeat","background-position":"center center","background-size":"auto","background-attachment":"scroll","background-type":"","background-media":"","overlay-type":"","overlay-color":"","overlay-opacity":"","overlay-gradient":""},"mobile":{"background-color":"","background-image":"","background-repeat":"repeat","background-position":"center center","background-size":"auto","background-attachment":"scroll","background-type":"","background-media":"","overlay-type":"","overlay-color":"","overlay-opacity":"","overlay-gradient":""}},"ast-content-background-meta":{"desktop":{"background-color":"var(--ast-global-color-5)","background-image":"","background-repeat":"repeat","background-position":"center center","background-size":"auto","background-attachment":"scroll","background-type":"","background-media":"","overlay-type":"","overlay-color":"","overlay-opacity":"","overlay-gradient":""},"tablet":{"background-color":"var(--ast-global-color-5)","background-image":"","background-repeat":"repeat","background-position":"center center","background-size":"auto","background-attachment":"scroll","background-type":"","background-media":"","overlay-type":"","overlay-color":"","overlay-opacity":"","overlay-gradient":""},"mobile":{"background-color":"var(--ast-global-color-5)","background-image":"","background-repeat":"repeat","background-position":"center center","background-size":"auto","background-attachment":"scroll","background-type":"","background-media":"","overlay-type":"","overlay-color":"","overlay-opacity":"","overlay-gradient":""}}},"product_brand":[],"product_cat":[87,78,74],"product_tag":[92],"class_list":{"0":"post-5240","1":"product","2":"type-product","3":"status-publish","4":"has-post-thumbnail","6":"product_cat-hally-son","7":"product_cat-lunettes-solaires","8":"product_cat-hommes","9":"product_tag-lunette-de-soliel","10":"desktop-align-left","11":"tablet-align-left","12":"mobile-align-left","14":"first","15":"instock","16":"shipping-taxable","17":"purchasable","18":"product-type-simple"},"_links":{"self":[{"href":"https:\/\/getthelookeyewear.com\/ar\/wp-json\/wp\/v2\/product\/5240","targetHints":{"allow":["GET"]}}],"collection":[{"href":"https:\/\/getthelookeyewear.com\/ar\/wp-json\/wp\/v2\/product"}],"about":[{"href":"https:\/\/getthelookeyewear.com\/ar\/wp-json\/wp\/v2\/types\/product"}],"replies":[{"embeddable":true,"href":"https:\/\/getthelookeyewear.com\/ar\/wp-json\/wp\/v2\/comments?post=5240"}],"version-history":[{"count":4,"href":"https:\/\/getthelookeyewear.com\/ar\/wp-json\/wp\/v2\/product\/5240\/revisions"}],"predecessor-version":[{"id":5256,"href":"https:\/\/getthelookeyewear.com\/ar\/wp-json\/wp\/v2\/product\/5240\/revisions\/5256"}],"wp:featuredmedia":[{"embeddable":true,"href":"https:\/\/getthelookeyewear.com\/ar\/wp-json\/wp\/v2\/media\/5241"}],"wp:attachment":[{"href":"https:\/\/getthelookeyewear.com\/ar\/wp-json\/wp\/v2\/media?parent=5240"}],"wp:term":[{"taxonomy":"product_brand","embeddable":true,"href":"https:\/\/getthelookeyewear.com\/ar\/wp-json\/wp\/v2\/product_brand?post=5240"},{"taxonomy":"product_cat","embeddable":true,"href":"https:\/\/getthelookeyewear.com\/ar\/wp-json\/wp\/v2\/product_cat?post=5240"},{"taxonomy":"product_tag","embeddable":true,"href":"https:\/\/getthelookeyewear.com\/ar\/wp-json\/wp\/v2\/product_tag?post=5240"}],"curies":[{"name":"wp","href":"https:\/\/api.w.org\/{rel}","templated":true}]}}